{"id":1060,"date":"2021-11-18T14:26:42","date_gmt":"2021-11-18T14:26:42","guid":{"rendered":"https:\/\/dvevatre.resfoundation.org\/en\/?page_id=1060"},"modified":"2021-12-01T15:16:53","modified_gmt":"2021-12-01T15:16:53","slug":"agenda-day-2","status":"publish","type":"page","link":"https:\/\/dvevatre.resfoundation.org\/en\/agenda-day-2\/","title":{"rendered":"DAY 2"},"content":{"rendered":"\n<h2 class=\"has-text-align-center has-white-color has-text-color has-background wp-block-heading\" id=\"thursday\" style=\"background-color:#2a2459\"><strong>Thursday, 2 December 2021 (9.30-15.30)<\/strong><\/h2>\n\n\n\n<h2 class=\"has-text-align-center has-white-color has-text-color has-background wp-block-heading\" style=\"background-color:#414d93\"><strong>&#8220;THE 0 FUTURE OF HOUSEHOLD HEATING&#8221;<\/strong><\/h2>\n\n\n\n<h3 class=\"has-background wp-block-heading\" style=\"background-color:#c5e4f2\">Welcome addresses<\/h3>\n\n\n\n<figure class=\"wp-block-table is-style-stripes\"><table><thead><tr><th>Time<\/th><th>Presentation<\/th><th>Description<\/th><th>Speaker<\/th><\/tr><\/thead><tbody><tr><td>9.30-10.00<\/td><td>Introduction<\/td><td>Purpose, format, agenda and context of the conference<\/td><td>Jasminka Young<br>Programme director, RES Foundation<\/td><\/tr><tr><td><\/td><td><\/td><td>The first country in the entire world to ban the use of gas to heat buildings? <\/td><td>J\u00f8rn Eugene Gjelstad, confirmed<br>Ambassador of <a href=\"https:\/\/www.norway.no\/en\/serbia\/\">Norway in Serbia<\/a> <\/td><\/tr><tr><td><\/td><td><\/td><td>A journey of a thousand miles starts with the first steps: what lessons for WB6?<\/td><td>Hristina Odzaklieska, confirmed<br>Deputy <a href=\"https:\/\/www.moepp.gov.mk\/?page_id=1598&amp;lang=en\">Minister of Environment and Physical Planning<\/a>, North Macedonia<\/td><\/tr><tr><td><\/td><td><\/td><td>A climate-neutral Europe by 2050: EU impulse and national action<\/td><td>Gertraud Wollansky, confirmed<br>Senior expert, <a href=\"https:\/\/www.bmk.gv.at\/en.html\">Climate Ministry of Austria<\/a><\/td><\/tr><\/tbody><\/table><\/figure>\n\n\n\n<h5 class=\"has-black-color has-cyan-bluish-gray-background-color has-text-color has-background has-normal-font-size wp-block-heading\"><strong>BREAK (9.55-10.00)<\/strong><\/h5>\n\n\n\n<h3 class=\"has-background wp-block-heading\" style=\"background-color:#c5e4f2\">PANEL1: The technology of &#8220;Ne to, 0!&#8221; heating<\/h3>\n\n\n\n<figure class=\"wp-block-table is-style-stripes\"><table><thead><tr><th>Time<\/th><th>Presentation<\/th><th>Description<\/th><th>Speaker<\/th><\/tr><\/thead><tbody><tr><td>10.00-10.50<\/td><td>Biomass<\/td><td>Clean heat<\/td><td>Femke de Jong, confirmed<br><a href=\"https:\/\/europeanclimate.org\/\">European Climate Foundation ECF<\/a><\/td><\/tr><tr><td><\/td><td>Solar &amp; heat pumps <\/td><td>Heatpumps per capita <\/td><td>Denis \u017di\u0161ko, confirmed<br>Centre for Ecology and Energy,<br>Tuzla, Bosnia and Herzegovina <\/td><\/tr><tr><td><\/td><td>Efficiency<\/td><td>Which comes first: Efficiency or clean renewable heat<\/td><td>Zdravko Stefanovski \/ Esad Smajlovi\u0107, confirmed<br>Senior energy efficiency experts<\/td><\/tr><tr><td><\/td><td>Partnerships<\/td><td>Work together for quicker market development<\/td><td>Ivana Stevanovi\u0107 Risti\u0107, confirmed<br>Sales director, <a href=\"https:\/\/www.alfaplam.rs\/\">Alfaplam<\/a><\/td><\/tr><tr><td><\/td><td>District heating<\/td><td>Decarbonising district heating<\/td><td>Bojan Bogdanovi\u0107, confirmed<br><a href=\"https:\/\/rs.linkedin.com\/in\/bojan-bogdanovic-1a7b73113\">Principal Fund Manager<\/a>, Renewable District Energy at EBRD<\/td><\/tr><tr><td>10.50-11.30<\/td><td>Q &amp; A<\/td><td>Plenary<\/td><td>Moderator: Aleksandar Macura, RES Foundation<\/td><\/tr><\/tbody><\/table><\/figure>\n\n\n\n<h5 class=\"has-black-color has-cyan-bluish-gray-background-color has-text-color has-background has-normal-font-size wp-block-heading\"><strong>BREAK (11.30-11.40)<\/strong><\/h5>\n\n\n\n<h3 class=\"has-background wp-block-heading\" style=\"background-color:#c5e4f2\">PANEL 2: The principles of &#8220;Ne to, 0!&#8221; heating <\/h3>\n\n\n\n<figure class=\"wp-block-table is-style-stripes\"><table><thead><tr><th>Time<\/th><th>Presentation<\/th><th>Description<\/th><th>Speaker<\/th><\/tr><\/thead><tbody><tr><td>11.40-12.30<\/td><td>Sustainability of biomass exploitation<\/td><td>A cubic meter saved is a cubic meter earned, to manage is to earn<\/td><td>Vladimir Nikoli\u0107, confirmed<br><a href=\"https:\/\/upravazasume.gov.rs\/\">Senior advisor of Forestry directorate of Ministry of agriculture, water management and forestry, Serbia<\/a><\/td><\/tr><tr><td><\/td><td>Eradicate energy poverty <\/td><td>Many cannot co-finance their own upgrades: are current policies &amp; schemes leaving them behind? <\/td><td>Aleksandar Macura, confirmed<br>Programme director, RES Foundation<\/td><\/tr><tr><td><\/td><td>Gender aspects of change<\/td><td>Gender-just energy policy at the local level<\/td><td>Svetlana Drakul, confirmed<br>Subsidies by The <a href=\"https:\/\/uzice.rs\/\">City of U\u017eice<\/a>, Serbi<\/td><\/tr><tr><td><\/td><td>Health<\/td><td>Heating choices, indoor air pollution and health protection<\/td><td>Branislava Mati\u0107-Savi\u0107evi\u0107, confirmed<br><a href=\"https:\/\/www.batut.org.rs\/index.php?lang=2\">Institute of Public Health of Serbia &#8220;Dr Milan Jovanovi\u0107 Batut&#8221;<\/a><\/td><\/tr><tr><td><\/td><td>Standards<\/td><td>Phasing in eco-design<\/td><td>Nikola Vujovi\u0107, confirmed<br>Senior energy efficieny expert, RES Foundation<\/td><\/tr><tr><td>12.30-13.00<\/td><td>Q &amp; A<\/td><td>Plenary<\/td><td>Moderator: Tanja Popovicki,<br>RES Foundation<\/td><\/tr><\/tbody><\/table><\/figure>\n\n\n\n<h5 class=\"has-black-color has-cyan-bluish-gray-background-color has-text-color has-background has-normal-font-size wp-block-heading\"><strong>BREAK (13.00-14.00)<\/strong><\/h5>\n\n\n\n<h3 class=\"has-background wp-block-heading\" style=\"background-color:#c5e4f2\">PANEL 3:  Wrap-up <br>The region on the move to &#8220;Ne to, 0!&#8221; household heating <\/h3>\n\n\n\n<figure class=\"wp-block-table is-style-stripes\"><table><thead><tr><th>Time<\/th><th>Presentation<\/th><th>Description<\/th><th>Speaker<\/th><\/tr><\/thead><tbody><tr><td>14.00- 14.50 <\/td><td>Next step(s) <\/td><td>Commitment in deeds, not words <\/td><td>Stevan Vujasinovi\u0107 <br>Executive director, RES Foundation <\/td><\/tr><tr><td><\/td><td>Walking the talk: show me the money  <\/td><td>Economic and Investment Plan for the region: the heat is on  <\/td><td>Boris Ilijevski, confirmed<br>Project manager, Energy, environment and local infrastructure<br>Delegation of EU in the Republic of Serbia <\/td><\/tr><tr><td><\/td><td>How do we move forward?<\/td><td>Together<\/td><td>Tomas Marques, confirmed<br>UNEP Regional Office for Europe, Geneva, Switzerland<\/td><\/tr><tr><td><\/td><td>Technical and financial assistance<\/td><td>Economic and Investment Plan for the region: the heat is on<\/td><td>Simon Martz, confirmed <br>Portfolio Manager <a href=\"https:\/\/germancooperation.rs\/kfw\/\">KfW<\/a><\/td><\/tr><tr><td><\/td><td>Policy integration<\/td><td>Regional perspective<\/td><td>Jozsef Feiler, confirmed<br>ECF<a href=\"https:\/\/europeanclimate.org\/member\/feiler\/\"> Director for South East Europe &amp; Hungary<\/a><\/td><\/tr><tr><td>14.50-15.30<\/td><td>Q &amp; A<\/td><td>Plenary<\/td><td>Moderator: Jasminka Young, RES Foundation<\/td><\/tr><\/tbody><\/table><\/figure>\n\n\n\n<h3 class=\"has-background wp-block-heading\" style=\"background-color:#c5e4f2\"><strong>CONFERENCE CLOSURE<\/strong> <\/h3>\n\n\n\n<p><\/p>\n","protected":false},"excerpt":{"rendered":"<p>&#8220;THE 0 FUTURE OF HOUSEHOLD HEATING&#8221;<\/p>\n","protected":false},"author":2,"featured_media":1037,"parent":0,"menu_order":0,"comment_status":"closed","ping_status":"closed","template":"","meta":{"footnotes":""},"class_list":["post-1060","page","type-page","status-publish","has-post-thumbnail","hentry"],"_links":{"self":[{"href":"https:\/\/dvevatre.resfoundation.org\/en\/wp-json\/wp\/v2\/pages\/1060","targetHints":{"allow":["GET"]}}],"collection":[{"href":"https:\/\/dvevatre.resfoundation.org\/en\/wp-json\/wp\/v2\/pages"}],"about":[{"href":"https:\/\/dvevatre.resfoundation.org\/en\/wp-json\/wp\/v2\/types\/page"}],"author":[{"embeddable":true,"href":"https:\/\/dvevatre.resfoundation.org\/en\/wp-json\/wp\/v2\/users\/2"}],"replies":[{"embeddable":true,"href":"https:\/\/dvevatre.resfoundation.org\/en\/wp-json\/wp\/v2\/comments?post=1060"}],"version-history":[{"count":30,"href":"https:\/\/dvevatre.resfoundation.org\/en\/wp-json\/wp\/v2\/pages\/1060\/revisions"}],"predecessor-version":[{"id":1150,"href":"https:\/\/dvevatre.resfoundation.org\/en\/wp-json\/wp\/v2\/pages\/1060\/revisions\/1150"}],"wp:featuredmedia":[{"embeddable":true,"href":"https:\/\/dvevatre.resfoundation.org\/en\/wp-json\/wp\/v2\/media\/1037"}],"wp:attachment":[{"href":"https:\/\/dvevatre.resfoundation.org\/en\/wp-json\/wp\/v2\/media?parent=1060"}],"curies":[{"name":"wp","href":"https:\/\/api.w.org\/{rel}","templated":true}]}}