{"id":237,"date":"2020-11-08T16:55:37","date_gmt":"2020-11-08T16:55:37","guid":{"rendered":"http:\/\/dvevatre.resfoundation.org\/en\/?page_id=237"},"modified":"2021-07-16T07:23:20","modified_gmt":"2021-07-16T07:23:20","slug":"conference-2020","status":"publish","type":"page","link":"https:\/\/dvevatre.resfoundation.org\/en\/conference-2020\/","title":{"rendered":"CONFERENCE 2020"},"content":{"rendered":"\n<div class=\"wp-block-pb-accordion-item c-accordion__item js-accordion-item no-js\" data-initially-open=\"false\" data-click-to-close=\"true\" data-auto-close=\"true\" data-scroll=\"false\" data-scroll-offset=\"0\"><h2 id=\"at-2370\" class=\"c-accordion__title js-accordion-controller\" role=\"button\">ABOUT THE CONFERENCE<\/h2><div id=\"ac-2370\" class=\"c-accordion__content\">\n<p><p id=\"_AYtzwrofXQY57R\">Five years ago, we decided to turn our dissatisfaction with air pollution into action that could further improve air quality.&nbsp;<\/p><\/p>\n\n\n\n<p><p id=\"_Gr8EXRK0WAe6n9\">We started with what we knew best and what was troubling us the most &#8211; energy poverty. The energy poverty affects all those people who, for various reasons, consume more time and resources to produce less heat and more pollution in their homes and their immediate environment.&nbsp;<\/p><\/p>\n\n\n\n<p><p id=\"_ZN69tsfywT7BkZ\">Back then, we summed up what we understood as the three most important points:<\/p><\/p>\n\n\n\n<blockquote class=\"wp-block-quote is-layout-flow wp-block-quote-is-layout-flow\"><p><strong>LET&#8217;S MEASURE<\/strong> &#8211; air quality<\/p><\/blockquote>\n\n\n\n<blockquote class=\"wp-block-quote is-layout-flow wp-block-quote-is-layout-flow\"><p><strong><strong>LET&#8217;S MEASURE<\/strong> &#8211; <\/strong>efficiency of stoves and furnaces<\/p><\/blockquote>\n\n\n\n<blockquote class=\"wp-block-quote is-layout-flow wp-block-quote-is-layout-flow\"><p><strong><strong>LET&#8217;S MEASURE<\/strong> &#8211; <\/strong>energy poverty levels<\/p><\/blockquote>\n\n\n\n<p><p id=\"_qOWPqibUrWB6dO\">Air quality monitoring standard by Serbian Environmental Protection Agency was at its lowest level. In 2016, the availability of valid hourly values from air quality measuring stations of the national network was 23%, only to decline to 22% in the following year. Air quality programmes were barely used, while civil monitoring was non-existent.&nbsp;<\/p><\/p>\n\n\n\n<p><p id=\"_o2Gtz8c9Z5K6Kl\">When we raised the question of energy-efficient stoves and furnaces in public, people were very reluctant to tackle it.<\/p><\/p>\n\n\n\n<figure class=\"wp-block-image size-large\"><img loading=\"lazy\" decoding=\"async\" width=\"1024\" height=\"768\" src=\"https:\/\/dvevatre.resfoundation.org\/en\/wp-content\/uploads\/2020\/11\/sun-358958_1920-1024x768.jpg\" alt=\"\" class=\"wp-image-561\" srcset=\"https:\/\/dvevatre.resfoundation.org\/en\/wp-content\/uploads\/2020\/11\/sun-358958_1920-1024x768.jpg 1024w, https:\/\/dvevatre.resfoundation.org\/en\/wp-content\/uploads\/2020\/11\/sun-358958_1920-300x225.jpg 300w, https:\/\/dvevatre.resfoundation.org\/en\/wp-content\/uploads\/2020\/11\/sun-358958_1920-768x576.jpg 768w, https:\/\/dvevatre.resfoundation.org\/en\/wp-content\/uploads\/2020\/11\/sun-358958_1920-1536x1152.jpg 1536w, https:\/\/dvevatre.resfoundation.org\/en\/wp-content\/uploads\/2020\/11\/sun-358958_1920.jpg 1920w\" sizes=\"auto, (max-width: 1024px) 100vw, 1024px\" \/><\/figure>\n\n\n\n<p><p id=\"_FenXK2U2aQLqsb\">Today, five years later, our society understands these points better.<\/p><\/p>\n\n\n\n<p><p id=\"_bujjWjzMNbEIuN\">Last winter, the discussions about air quality and achievements in this field reached our gyms, beauty salons, coffee shops and restaurants. This winter, there will be a discussion about stoves and furnaces, as well.<\/p><\/p>\n\n\n\n<p><p id=\"_p3CRjdnoNcHIY1\">It&#8217;s time for a change. We have no excuse to put this issue aside furthermore. We have to immediately start preparing everything we need to welcome the next heating season with a ready programme to reduce pollution from stoves and furnaces so that in the 2022\/2023 season we have visible results in improving air quality. Let&#8217;s change.<\/p><\/p>\n\n\n\n<p><p id=\"_Q6s9tb6eKLZMGz\">Reckless controlled-field burning is not a necessity, but a choice that owners make in a given socio-economic situation. Let&#8217;s change the criteria they consider when making a decision.<\/p><\/p>\n\n\n\n<p><p id=\"_M57HfZFJFG6LTg\">Lignite-fired power plants generate significant air pollution. The costs of reducing this kind of pollution without changing the fuel being used are very high and do not eliminate the negative impact on climate change. It&#8217;s time for a change.&nbsp;<\/p><\/p>\n\n\n\n<p><\/p>\n\n\n\n<p><\/p>\n\n\n\n<blockquote class=\"wp-block-quote is-layout-flow wp-block-quote-is-layout-flow\"><p><em> <em>&#8220;We already know what it means, but we simply can&#8217;t afford it.&#8221;<\/em><\/em><\/p><\/blockquote>\n\n\n\n<figure class=\"wp-block-embed is-type-video is-provider-youtube wp-block-embed-youtube wp-embed-aspect-16-9 wp-has-aspect-ratio\"><div class=\"wp-block-embed__wrapper\">\n<iframe loading=\"lazy\" title=\"Better Stoves\" width=\"640\" height=\"360\" src=\"https:\/\/www.youtube.com\/embed\/suHR1-h3hKA?start=83&#038;feature=oembed\" frameborder=\"0\" allow=\"accelerometer; autoplay; clipboard-write; encrypted-media; gyroscope; picture-in-picture; web-share\" referrerpolicy=\"strict-origin-when-cross-origin\" allowfullscreen><\/iframe>\n<\/div><\/figure>\n\n\n\n<p><p id=\"_v0PFCEyOqAB7Mv\">Some people got the know-how and managed to convince decision-makers to take their responsibilities, which resulted in decreased pollution. Their responsibility as visionaries is to trigger the change. We &#8211; taxpayers and consumers, will eventually be the ones to pay for the change, but this change will bring benefit to all of us in the long run.<\/p><\/p>\n\n\n\n<p><p id=\"_XFO6ssF9uQSS4P\"><strong>We&#8217;ll learn from those who know better at the online conference &#8220;How to win the Balkan air-pollution dodgeball?&#8221;, organised by the RES Foundation, on 1-2 December 2021.&nbsp;<\/strong><\/p><\/p>\n\n\n\n<p><\/p>\n\n\n\n<blockquote class=\"wp-block-quote is-layout-flow wp-block-quote-is-layout-flow\"><p><strong><strong>LET&#8217;S CHANGE<\/strong> &#8211; <\/strong>air quality<\/p><\/blockquote>\n\n\n\n<blockquote class=\"wp-block-quote is-layout-flow wp-block-quote-is-layout-flow\"><p><strong><strong>LET&#8217;S CHANGE<\/strong> &#8211; <\/strong>efficiency of stoves and furnaces<\/p><\/blockquote>\n\n\n\n<blockquote class=\"wp-block-quote is-layout-flow wp-block-quote-is-layout-flow\"><p><strong style=\"font-size: inherit;\">LET&#8217;S CHANGE<\/strong><span style=\"font-size: inherit;\"> &#8211; energy poverty levels<\/span><\/p><\/blockquote>\n\n\n\n<p><\/p>\n<\/div><\/div>\n\n\n\n<div class=\"wp-block-pb-accordion-item c-accordion__item js-accordion-item no-js\" data-initially-open=\"false\" data-click-to-close=\"true\" data-auto-close=\"true\" data-scroll=\"false\" data-scroll-offset=\"0\"><h2 id=\"at-2371\" class=\"c-accordion__title js-accordion-controller\" role=\"button\">AGENDA<\/h2><div id=\"ac-2371\" class=\"c-accordion__content\">\n<h2 class=\"has-white-color has-text-color has-background wp-block-heading\" style=\"background-color:#2a2459\"><strong>Thursday, 3 December 2020 (9.30-15.30)<\/strong><\/h2>\n\n\n\n<h2 class=\"has-white-color has-text-color has-background wp-block-heading\" style=\"background-color:#414d93\"><strong>&#8220;TEAM HOUSEHOLDS&#8221;: How to replace inefficient cooking and heating devices?<\/strong><\/h2>\n\n\n\n<h3 class=\"has-background wp-block-heading\" style=\"background-color:#c5e4f2\"><strong>OPENING SPEECHES<\/strong> (<strong>9.30-10.00<\/strong>)<\/h3>\n\n\n\n<p><strong><strong>Fran\u00e7oise Jacob<\/strong><\/strong>, UN Resident Coordinator in Serbia<\/p>\n\n\n\n<p><strong>Dr. <strong>Ellen \u00dcbersch\u00e4r<\/strong><\/strong>, President, Heinrich-B\u00f6ll-Stiftung<\/p>\n\n\n\n<p><strong><strong>\u0110or\u0111e Stani\u010di\u0107<\/strong><\/strong>, Secretary general, Standing Conference of Towns and Municipalities <\/p>\n\n\n\n<p><strong>Stephen Ndegwa<\/strong>, Country Manager for Serbia, World Bank<\/p>\n\n\n\n<p><strong><strong>Matej Gasperi\u010d<\/strong><\/strong>, Senior air quality expert, IPA-funded project &#8220;EU for better environment&#8221;<\/p>\n\n\n\n<h3 class=\"has-background wp-block-heading\" style=\"background-color:#c5e4f2\"><strong>SESSION 1: SHOW ME THE MONEY<\/strong> (10.00-11.30)<\/h3>\n\n\n\n<h4 class=\"wp-block-heading\">Moderator: <\/h4>\n\n\n\n<p><strong>Damjan Rehm Bogunovi\u0107<\/strong>, Programme Associate, UNEP<\/p>\n\n\n\n<h4 class=\"wp-block-heading\"><strong>Speakers:<\/strong><\/h4>\n\n\n\n<p><strong>Naser Nuredini<\/strong>, Minister of Environment and Physical Planning, Republic of North Macedonia<\/p>\n\n\n\n<p><strong>Larry Brockman<\/strong>, Team Leader, Burn Wise Education Program, US EPA<\/p>\n\n\n\n<p><strong>Marta Cvetkova<\/strong>, Head of Planning and Programming Department, DG \u201cOperational programme environment\u201d, Ministry of Environment and Water, Republic of Bulgaria<\/p>\n\n\n\n<p><strong>Elvis Had\u017eikadi\u0107<\/strong>, Project manager, Green economic development, Energy and Environment Sector, UNDP, Bosnia and Herzegovina<\/p>\n\n\n\n<h3 class=\"has-background wp-block-heading\" style=\"background-color:#c5e4f2\"><strong>BREAK (11.30-11.40)<\/strong><\/h3>\n\n\n\n<h3 class=\"has-background wp-block-heading\" style=\"background-color:#c5e4f2\"><strong>SESSION 2: MORE SERVICES, MORE REPLACEMENTS<\/strong> (11.40-13.00)<\/h3>\n\n\n\n<h4 class=\"wp-block-heading\"><strong>Moderator:<\/strong><\/h4>\n\n\n\n<p><strong>Aleksandar Macura<\/strong>, Co-founder and Programme director, RES Foundation<\/p>\n\n\n\n<h4 class=\"wp-block-heading\"><strong>Speakers:<\/strong><\/h4>\n\n\n\n<p><strong>Ivana Stevanovi\u0107<\/strong> <strong>Risti\u0107,<\/strong> Sales manager, Alfa plam<\/p>\n\n\n\n<p><strong>Marko Blagojevi\u0107<\/strong>, Director, Public Investment Management Office, Government of Serbia <\/p>\n\n\n\n<p><strong><strong>\u017darko Petrovi\u0107<\/strong><\/strong>, Programme Analyst, Resilient Development, UNDP<\/p>\n\n\n\n<p><strong>Dr. Sarath Guttikunda<\/strong>, World bank<\/p>\n\n\n\n<p><strong>Sameer Akbar<\/strong>, Senior Environmental Specialist, World Bank<\/p>\n\n\n\n<p><strong>Dochka Velkova<\/strong>, Expert, LIFE-IP Clean Air project, Republic of Bulgaria<\/p>\n\n\n\n<h3 class=\"has-background wp-block-heading\" style=\"background-color:#c5e4f2\"><strong>BREAK (13.00-14.00)<\/strong><\/h3>\n\n\n\n<h3 class=\"has-background wp-block-heading\" style=\"background-color:#c5e4f2\"><strong>SESSION 3: THE BIG PICTURE<\/strong> (14.00-15.30)<\/h3>\n\n\n\n<h4 class=\"wp-block-heading\"><strong>Moderator:<\/strong><\/h4>\n\n\n\n<p><strong>Tanja Popovicki,<\/strong> Programme manager, RES Foundation<\/p>\n\n\n\n<h4 class=\"wp-block-heading\"><strong>Speakers:<\/strong><\/h4>\n\n\n\n<p><strong>Bojan Bogdanovi\u0107<\/strong>, Fund Manager, EBRD ReDEWeB<\/p>\n\n\n\n<p><strong>Oliver Rapf<\/strong>, Executive Director, BPIE<\/p>\n\n\n\n<p><strong>Aleksandra Mileti\u0107<\/strong>, Project Officer, UN Women Serbia<\/p>\n\n\n\n<p><strong>Branislava Mati\u0107<\/strong>, Head of Department of Environmental Health and School Hygiene, Institute of Public Health of Serbia<\/p>\n\n\n\n<p><strong><strong>Aleksandar Macura<\/strong>, <\/strong>Co-founder and Programme director, RES Foundation<\/p>\n\n\n\n<h3 class=\"has-background wp-block-heading\" style=\"background-color:#c5e4f2\"><strong>CLOSURE OF THE DAY 1<\/strong> (15.30)<\/h3>\n\n\n\n<h2 class=\"has-white-color has-text-color has-background wp-block-heading\" style=\"background-color:#2a2459\"><strong>Friday, 4 December 2020 (9.30-13.30)<\/strong><\/h2>\n\n\n\n<h2 class=\"has-white-color has-text-color has-background wp-block-heading\" style=\"background-color:#414d93\"><strong>&#8220;TEAM ELECTRICITY&#8221;: When do we phase out coal?<\/strong><\/h2>\n\n\n\n<h3 class=\"has-background wp-block-heading\" style=\"background-color:#c5e4f2\">INTRODUCTION: SUPPORT FOR COAL REGIONS IN TRANSITION (9.30-9.50)<\/h3>\n\n\n\n<h4 class=\"wp-block-heading\" id=\"block-a6d1b04c-0892-4063-b4a3-a1944482be49\"><strong>Speakers<\/strong>:<\/h4>\n\n\n\n<p><strong>Jasmina Trhulj<\/strong>, Head of electricity unit, Energy Community Secretariat<\/p>\n\n\n\n<p><strong>Anna Sobczak<\/strong>, Policy Coordinator for EU Coal Regions in transition, Just Transition Fund in the context of EU Green Deal, Directorate-General for Energy, European Commission<\/p>\n\n\n\n<h3 class=\"has-background wp-block-heading\" style=\"background-color:#c5e4f2\">SESSION 1: CHANGE OF TRACK (9.50-11.45)<\/h3>\n\n\n\n<h4 class=\"wp-block-heading\"><strong>Moderator:<\/strong><\/h4>\n\n\n\n<p><strong>Aleksandar Macura<\/strong>, Co-founder and Programme director, RES Foundation<\/p>\n\n\n\n<h4 class=\"wp-block-heading\"><strong>Speakers:<\/strong><\/h4>\n\n\n\n<p><strong>Vlatka Matkovi\u0107<\/strong>, Senior Health and Energy Officer, Health and Environment Alliance (HEAL) (+case study, Tuzla)<\/p>\n\n\n\n<p><strong>Aleksandar Kova\u010devi\u0107<\/strong>, Senior Visiting Research Fellow, Oxford Institute for Energy Studies<\/p>\n\n\n\n<p><strong>Maja Turkovi\u0107<\/strong>, Expert for electro-energy systems and economics of renewable energy sources, co-founder of Association for Sustainable Development (ASOR)<\/p>\n\n\n\n<p><strong>Christian Redl<\/strong>, Senior Associate, European Energy Cooperation, Agora Energiewende<\/p>\n\n\n\n<p><strong>Michael Stenley<\/strong>, Lead Oil and Gas Specialist, World Bank<\/p>\n\n\n\n<h3 class=\"has-background wp-block-heading\" style=\"background-color:#c5e4f2\"><strong>BREAK (11.45-12.00)<\/strong><\/h3>\n\n\n\n<h3 class=\"has-background wp-block-heading\" style=\"background-color:#c5e4f2\">SESSION 2: DECENTRALISATION (12.00-13.30)<\/h3>\n\n\n\n<h4 class=\"wp-block-heading\"><strong>Moderator:<\/strong><\/h4>\n\n\n\n<p><strong>Tanja Popovicki,<\/strong> Programme manager, RES Foundation<\/p>\n\n\n\n<h4 class=\"wp-block-heading\" id=\"block-3fafb09b-eda2-43ce-9aff-f89fed49df42\"><strong>Speakers:<\/strong><\/h4>\n\n\n\n<p><strong>Milo\u0161 Kosti\u0107<\/strong>, Coordinator, CEEFOR<\/p>\n\n\n\n<p><strong>Sandra Vla\u0161i\u0107<\/strong>, Co-founder, Terra Hub and member of the President\u2019s Council for Energy Transition, Republic of Croatia<\/p>\n\n\n\n<p><strong>Zorica Kora\u0107, <\/strong>Environment Portfolio Manager<\/p>\n\n\n\n<p><strong>Sa\u0161a Vasili\u0107<\/strong>, Deputy Mayor at Priboj Municipality, Serbia<\/p>\n\n\n\n<p><strong>Du\u0161an Jovi\u0107<\/strong>, E3 International<\/p>\n\n\n\n<h3 class=\"has-background wp-block-heading\" style=\"background-color:#c5e4f2\"><strong>CONFERENCE CLOSURE<\/strong> (13.30)<\/h3>\n\n\n\n<p><\/p>\n<\/div><\/div>\n","protected":false},"excerpt":{"rendered":"","protected":false},"author":2,"featured_media":713,"parent":0,"menu_order":0,"comment_status":"closed","ping_status":"closed","template":"","meta":{"footnotes":""},"class_list":["post-237","page","type-page","status-publish","has-post-thumbnail","hentry"],"_links":{"self":[{"href":"https:\/\/dvevatre.resfoundation.org\/en\/wp-json\/wp\/v2\/pages\/237","targetHints":{"allow":["GET"]}}],"collection":[{"href":"https:\/\/dvevatre.resfoundation.org\/en\/wp-json\/wp\/v2\/pages"}],"about":[{"href":"https:\/\/dvevatre.resfoundation.org\/en\/wp-json\/wp\/v2\/types\/page"}],"author":[{"embeddable":true,"href":"https:\/\/dvevatre.resfoundation.org\/en\/wp-json\/wp\/v2\/users\/2"}],"replies":[{"embeddable":true,"href":"https:\/\/dvevatre.resfoundation.org\/en\/wp-json\/wp\/v2\/comments?post=237"}],"version-history":[{"count":0,"href":"https:\/\/dvevatre.resfoundation.org\/en\/wp-json\/wp\/v2\/pages\/237\/revisions"}],"wp:featuredmedia":[{"embeddable":true,"href":"https:\/\/dvevatre.resfoundation.org\/en\/wp-json\/wp\/v2\/media\/713"}],"wp:attachment":[{"href":"https:\/\/dvevatre.resfoundation.org\/en\/wp-json\/wp\/v2\/media?parent=237"}],"curies":[{"name":"wp","href":"https:\/\/api.w.org\/{rel}","templated":true}]}}